{"id":2170,"date":"2022-02-17T14:41:26","date_gmt":"2022-02-17T14:41:26","guid":{"rendered":"https:\/\/hospitalityjobsireland.ie\/marturii\/"},"modified":"2022-04-05T10:23:55","modified_gmt":"2022-04-05T09:23:55","slug":"marturii","status":"publish","type":"page","link":"https:\/\/hospitalityjobsireland.ie\/ro\/marturii\/","title":{"rendered":"M\u0103rturii"},"content":{"rendered":"\t\t<div data-elementor-type=\"wp-page\" data-elementor-id=\"2170\" class=\"elementor elementor-2170 elementor-1107\">\n\t\t\t\t\t\t<section class=\"elementor-section elementor-top-section elementor-element elementor-element-2cd14d8e elementor-section-boxed elementor-section-height-default elementor-section-height-default\" data-id=\"2cd14d8e\" data-element_type=\"section\" data-e-type=\"section\" id=\"xs_testi_6\" data-settings=\"{&quot;background_background&quot;:&quot;classic&quot;}\">\n\t\t\t\t\t\t<div class=\"elementor-container elementor-column-gap-default\">\n\t\t\t\t\t<div class=\"elementor-column elementor-col-100 elementor-top-column elementor-element elementor-element-7b1c9139\" data-id=\"7b1c9139\" data-element_type=\"column\" data-e-type=\"column\">\n\t\t\t<div class=\"elementor-widget-wrap elementor-element-populated\">\n\t\t\t\t\t\t<section class=\"elementor-section elementor-inner-section elementor-element elementor-element-629d4813 elementor-section-boxed elementor-section-height-default elementor-section-height-default\" data-id=\"629d4813\" data-element_type=\"section\" data-e-type=\"section\">\n\t\t\t\t\t\t<div class=\"elementor-container elementor-column-gap-default\">\n\t\t\t\t\t<div class=\"elementor-column elementor-col-100 elementor-inner-column elementor-element elementor-element-3aa74da5\" data-id=\"3aa74da5\" data-element_type=\"column\" data-e-type=\"column\">\n\t\t\t<div class=\"elementor-widget-wrap elementor-element-populated\">\n\t\t\t\t\t\t<div class=\"elementor-element elementor-element-7f7cfdb3 elementor-widget elementor-widget-elementskit-heading\" data-id=\"7f7cfdb3\" data-element_type=\"widget\" data-e-type=\"widget\" data-widget_type=\"elementskit-heading.default\">\n\t\t\t\t<div class=\"elementor-widget-container\">\n\t\t\t\t\t<div class=\"ekit-wid-con\" ><div class=\"ekit-heading elementskit-section-title-wraper center   ekit_heading_tablet-   ekit_heading_mobile-\"><h1 class=\"ekit-heading--title elementskit-section-title \">M\u0103rturii<\/h1><\/div><\/div>\t\t\t\t<\/div>\n\t\t\t\t<\/div>\n\t\t\t\t\t<\/div>\n\t\t<\/div>\n\t\t\t\t\t<\/div>\n\t\t<\/section>\n\t\t\t\t<section class=\"elementor-section elementor-inner-section elementor-element elementor-element-1482d389 elementor-section-boxed elementor-section-height-default elementor-section-height-default\" data-id=\"1482d389\" data-element_type=\"section\" data-e-type=\"section\">\n\t\t\t\t\t\t<div class=\"elementor-container elementor-column-gap-default\">\n\t\t\t\t\t<div class=\"elementor-column elementor-col-100 elementor-inner-column elementor-element elementor-element-2f2e9b98\" data-id=\"2f2e9b98\" data-element_type=\"column\" data-e-type=\"column\">\n\t\t\t<div class=\"elementor-widget-wrap elementor-element-populated\">\n\t\t\t\t\t\t<div class=\"elementor-element elementor-element-5e13376 elementor-widget elementor-widget-elementskit-testimonial\" data-id=\"5e13376\" data-element_type=\"widget\" data-e-type=\"widget\" data-widget_type=\"elementskit-testimonial.default\">\n\t\t\t\t<div class=\"elementor-widget-container\">\n\t\t\t\t\t<div class=\"ekit-wid-con\" ><div class=\"elementskit-testimonial-slider ekit_testimonial_style_5 arrow_inside \" data-config=\"{&quot;rtl&quot;:false,&quot;arrows&quot;:true,&quot;dots&quot;:false,&quot;pauseOnHover&quot;:false,&quot;autoplay&quot;:false,&quot;speed&quot;:&quot;5000&quot;,&quot;slidesPerGroup&quot;:1,&quot;slidesPerView&quot;:1,&quot;loop&quot;:false,&quot;spaceBetween&quot;:15,&quot;breakpoints&quot;:{&quot;320&quot;:{&quot;slidesPerView&quot;:1,&quot;slidesPerGroup&quot;:1,&quot;spaceBetween&quot;:10},&quot;768&quot;:{&quot;slidesPerView&quot;:1,&quot;slidesPerGroup&quot;:1,&quot;spaceBetween&quot;:10},&quot;1024&quot;:{&quot;slidesPerView&quot;:1,&quot;slidesPerGroup&quot;:1,&quot;spaceBetween&quot;:15}}}\">\n\t<div class=\"ekit-main-swiper swiper\">\n\t\t<div class=\"swiper-wrapper\">\n\t\t\t\t\t\t\t<div class=\"swiper-slide\">\n\t\t\t\t\t<div class=\"swiper-slide-inner\">\n\t\t\t\t\t\t<div class=\"elementskit-single-testimonial-slider elementskit-testimonial-slider-block-style elementskit-testimonial-slider-block-style-two   elementor-repeater-item-e246598\" >\n\t\t\t\t\t\t\t<div class=\"elementskit-commentor-header\">\n\t\t\t\t\t\t\t\t\n\t\t\t\t\t\t\t\t\t\t\t\t\t\t\t\t<div class=\"elementskit-icon-content elementskit-watermark-icon \">\n\t\t\t\t\t\t\t\t\t<i aria-hidden=\"true\" class=\"icon icon-quote\"><\/i>\t\t\t\t\t\t\t\t<\/div>\n\t\t\t\t\t\t\t\t\t\t\t\t\t\t\t<\/div>\n\t\t\t\t\t\t\t\n\t\t\t\t\t\t\t\t\t\t\t\t\t\t\t<div class=\"elementskit-commentor-content\"><p>Am tot sprijinul companiei pentru a m\u0103 muta \u00een Irlanda. Mi-ai fost (\u0219i \u00eenc\u0103) de mare ajutor \u0219i mereu al\u0103turi de mine dac\u0103 am avut \u00eentreb\u0103ri sau nel\u0103muriri. \u00cen general, m\u0103 simt un membru foarte apreciat \u0219i apreciat al familiei Supermac \u0219i recomand cu c\u0103ldur\u0103 tuturor celor care doresc s\u0103 lucreze \u00eentr-un mediu minunat \u0219i s\u0103 \u00ee\u0219i construiasc\u0103 o nou\u0103 via\u021b\u0103 aici s\u0103 se al\u0103ture companiei noastre <\/p><\/div>\n\t\t\t\t\t\t\t\n\t\t\t\t\t\t\t<div class=\"elementskit-commentor-bio\">\n\t\t\t\t\t\t\t\t<div class=\"elementkit-commentor-details \">\n\t\t\t\t\t\t\t\t\t\t\t\t\t\t\t\t\t\t\t<div class=\"elementskit-commentor-image ekit-testimonial--avatar\">\n\t\t\t\t\t\t\t\t\t\t\t<img data-opt-id=1784207052  fetchpriority=\"high\" decoding=\"async\" width=\"70\" height=\"70\" src=\"https:\/\/mlqjcop6al4y.i.optimole.com\/cb:TyhK~7a93\/w:625\/h:625\/q:mauto\/f:best\/ig:avif\/https:\/\/hospitalityjobsireland.ie\/wp-content\/uploads\/2021\/12\/website-buttons3-1.jpg\" class=\"attachment-full size-full\" alt=\"supermac&#039;s\" srcset=\"https:\/\/mlqjcop6al4y.i.optimole.com\/cb:TyhK~7a93\/w:625\/h:625\/q:mauto\/f:best\/ig:avif\/https:\/\/hospitalityjobsireland.ie\/wp-content\/uploads\/2021\/12\/website-buttons3-1.jpg 625w, https:\/\/mlqjcop6al4y.i.optimole.com\/cb:TyhK~7a93\/w:300\/h:300\/q:mauto\/f:best\/ig:avif\/https:\/\/hospitalityjobsireland.ie\/wp-content\/uploads\/2021\/12\/website-buttons3-1.jpg 300w, https:\/\/mlqjcop6al4y.i.optimole.com\/cb:TyhK~7a93\/w:150\/h:1080\/q:mauto\/f:best\/ig:avif\/https:\/\/hospitalityjobsireland.ie\/wp-content\/uploads\/2021\/12\/website-buttons3-1.jpg 150w, https:\/\/mlqjcop6al4y.i.optimole.com\/cb:TyhK~7a93\/w:400\/h:1080\/q:mauto\/f:best\/ig:avif\/https:\/\/hospitalityjobsireland.ie\/wp-content\/uploads\/2021\/12\/website-buttons3-1.jpg 400w, https:\/\/mlqjcop6al4y.i.optimole.com\/cb:TyhK~7a93\/w:200\/h:1080\/q:mauto\/f:best\/ig:avif\/https:\/\/hospitalityjobsireland.ie\/wp-content\/uploads\/2021\/12\/website-buttons3-1.jpg 200w\" sizes=\"(max-width: 625px) 100vw, 625px\" \/>\t\t\t\t\t\t\t\t\t\t<\/div>\n\t\t\t\t\t\t\t\t\t\t\t\t\t\t\t\t\t\t<div class=\"elementskit-profile-info\">\n\t\t\t\t\t\t\t\t\t\t<strong class=\"elementskit-author-name\">Tunde<\/strong>\n\t\t\t\t\t\t\t\t\t\t<span class=\"elementskit-author-des\">Asistent manager Supermacs Tuam<\/span>\n\t\t\t\t\t\t\t\t\t<\/div>\n\t\t\t\t\t\t\t\t<\/div>\n\t\t\t\t\t\t\t<\/div>\n\t\t\t\t\t\t<\/div>\n\t\t\t\t\t<\/div>\n\t\t\t\t<\/div>\n\t\t\t\t\t\t\t<div class=\"swiper-slide\">\n\t\t\t\t\t<div class=\"swiper-slide-inner\">\n\t\t\t\t\t\t<div class=\"elementskit-single-testimonial-slider elementskit-testimonial-slider-block-style elementskit-testimonial-slider-block-style-two   elementor-repeater-item-d0963f5\" >\n\t\t\t\t\t\t\t<div class=\"elementskit-commentor-header\">\n\t\t\t\t\t\t\t\t\n\t\t\t\t\t\t\t\t\t\t\t\t\t\t\t\t<div class=\"elementskit-icon-content elementskit-watermark-icon \">\n\t\t\t\t\t\t\t\t\t<i aria-hidden=\"true\" class=\"icon icon-quote\"><\/i>\t\t\t\t\t\t\t\t<\/div>\n\t\t\t\t\t\t\t\t\t\t\t\t\t\t\t<\/div>\n\t\t\t\t\t\t\t\n\t\t\t\t\t\t\t\t\t\t\t\t\t\t\t<div class=\"elementskit-commentor-content\"><p>Numele meu este Fabrizio \u0219i a\u0219 dori s\u0103 mul\u021bumesc \u00een mod special acestei companii, \u00eenainte de a veni \u00een Irlanda practic nu \u0219tiam nimic despre \u021bar\u0103, iar din prima zi m-au f\u0103cut s\u0103 m\u0103 simt foarte confortabil \u0219i binevenit \u0219i la serviciu. Aceasta este o ocazie foarte bun\u0103 pentru str\u0103ini, ei te ajut\u0103 din ziua \u00een care ajungi la aeroport p\u00e2n\u0103 la tot ce ai nevoie. Sunt fericit c\u0103 am ales aceast\u0103 companie \u00een Irlanda \ud83d\ude42<\/p><\/div>\n\t\t\t\t\t\t\t\n\t\t\t\t\t\t\t<div class=\"elementskit-commentor-bio\">\n\t\t\t\t\t\t\t\t<div class=\"elementkit-commentor-details \">\n\t\t\t\t\t\t\t\t\t\t\t\t\t\t\t\t\t\t\t<div class=\"elementskit-commentor-image ekit-testimonial--avatar\">\n\t\t\t\t\t\t\t\t\t\t\t<img data-opt-id=1784207052  fetchpriority=\"high\" decoding=\"async\" width=\"70\" height=\"70\" src=\"https:\/\/mlqjcop6al4y.i.optimole.com\/cb:TyhK~7a93\/w:625\/h:625\/q:mauto\/f:best\/ig:avif\/https:\/\/hospitalityjobsireland.ie\/wp-content\/uploads\/2021\/12\/website-buttons3-1.jpg\" class=\"attachment-full size-full\" alt=\"supermac&#039;s\" srcset=\"https:\/\/mlqjcop6al4y.i.optimole.com\/cb:TyhK~7a93\/w:625\/h:625\/q:mauto\/f:best\/ig:avif\/https:\/\/hospitalityjobsireland.ie\/wp-content\/uploads\/2021\/12\/website-buttons3-1.jpg 625w, https:\/\/mlqjcop6al4y.i.optimole.com\/cb:TyhK~7a93\/w:300\/h:300\/q:mauto\/f:best\/ig:avif\/https:\/\/hospitalityjobsireland.ie\/wp-content\/uploads\/2021\/12\/website-buttons3-1.jpg 300w, https:\/\/mlqjcop6al4y.i.optimole.com\/cb:TyhK~7a93\/w:150\/h:1080\/q:mauto\/f:best\/ig:avif\/https:\/\/hospitalityjobsireland.ie\/wp-content\/uploads\/2021\/12\/website-buttons3-1.jpg 150w, https:\/\/mlqjcop6al4y.i.optimole.com\/cb:TyhK~7a93\/w:400\/h:1080\/q:mauto\/f:best\/ig:avif\/https:\/\/hospitalityjobsireland.ie\/wp-content\/uploads\/2021\/12\/website-buttons3-1.jpg 400w, https:\/\/mlqjcop6al4y.i.optimole.com\/cb:TyhK~7a93\/w:200\/h:1080\/q:mauto\/f:best\/ig:avif\/https:\/\/hospitalityjobsireland.ie\/wp-content\/uploads\/2021\/12\/website-buttons3-1.jpg 200w\" sizes=\"(max-width: 625px) 100vw, 625px\" \/>\t\t\t\t\t\t\t\t\t\t<\/div>\n\t\t\t\t\t\t\t\t\t\t\t\t\t\t\t\t\t\t<div class=\"elementskit-profile-info\">\n\t\t\t\t\t\t\t\t\t\t<strong class=\"elementskit-author-name\"> Fabrizio<\/strong>\n\t\t\t\t\t\t\t\t\t\t<span class=\"elementskit-author-des\">Supermacs Galway<\/span>\n\t\t\t\t\t\t\t\t\t<\/div>\n\t\t\t\t\t\t\t\t<\/div>\n\t\t\t\t\t\t\t<\/div>\n\t\t\t\t\t\t<\/div>\n\t\t\t\t\t<\/div>\n\t\t\t\t<\/div>\n\t\t\t\t\t\t\t<div class=\"swiper-slide\">\n\t\t\t\t\t<div class=\"swiper-slide-inner\">\n\t\t\t\t\t\t<div class=\"elementskit-single-testimonial-slider elementskit-testimonial-slider-block-style elementskit-testimonial-slider-block-style-two   elementor-repeater-item-4e62cc5\" >\n\t\t\t\t\t\t\t<div class=\"elementskit-commentor-header\">\n\t\t\t\t\t\t\t\t\n\t\t\t\t\t\t\t\t\t\t\t\t\t\t\t\t<div class=\"elementskit-icon-content elementskit-watermark-icon \">\n\t\t\t\t\t\t\t\t\t<i aria-hidden=\"true\" class=\"icon icon-quote\"><\/i>\t\t\t\t\t\t\t\t<\/div>\n\t\t\t\t\t\t\t\t\t\t\t\t\t\t\t<\/div>\n\t\t\t\t\t\t\t\n\t\t\t\t\t\t\t\t\t\t\t\t\t\t\t<div class=\"elementskit-commentor-content\"><p>L-am contactat pe domnul Davide Montanari \u0219i i-am transmis CV-ul meu. Dup\u0103 ce am asigurat un interviu cu Supermac, conform experien\u021bei mele, mi s-a oferit un post bazat pe experien\u021ba mea de lucru, care era cel mai potrivit pentru mine. Am fost ajutat s\u0103 m\u0103 mut \u00een Irlanda cu ajutorul suportului de cazare oferit de companie. Domnul Davide este foarte util \u0219i de \u00eencredere. Mi-a fost de mare ajutor cu instruc\u021biuni clare p\u00e2n\u0103 am ajuns \u00een Irlanda, unde \u00eemi asiguram cazarea. Dup\u0103 ce m-am al\u0103turat locului meu de munc\u0103 din Supermacs Loughrea, am fost \u00eent\u00e2mpinat de managerii \u0219i personalul meu de desfacere. Am fost asistat cu mare ajutor \u0219i sprijin de \u00eentreaga echip\u0103. Sunt \u00eenc\u00e2ntat s\u0103 \u00eenv\u0103\u021b \u0219i s\u0103 lucrez cu Supermac<\/p><\/div>\n\t\t\t\t\t\t\t\n\t\t\t\t\t\t\t<div class=\"elementskit-commentor-bio\">\n\t\t\t\t\t\t\t\t<div class=\"elementkit-commentor-details \">\n\t\t\t\t\t\t\t\t\t\t\t\t\t\t\t\t\t\t\t<div class=\"elementskit-commentor-image ekit-testimonial--avatar\">\n\t\t\t\t\t\t\t\t\t\t\t<img data-opt-id=897294244  fetchpriority=\"high\" decoding=\"async\" width=\"70\" height=\"70\" src=\"https:\/\/mlqjcop6al4y.i.optimole.com\/cb:TyhK~7a93\/w:625\/h:625\/q:mauto\/f:best\/ig:avif\/https:\/\/hospitalityjobsireland.ie\/wp-content\/uploads\/2021\/12\/website-buttons2-1.jpg\" class=\"attachment-full size-full\" alt=\"the plaza group\" srcset=\"https:\/\/mlqjcop6al4y.i.optimole.com\/cb:TyhK~7a93\/w:625\/h:625\/q:mauto\/f:best\/ig:avif\/https:\/\/hospitalityjobsireland.ie\/wp-content\/uploads\/2021\/12\/website-buttons2-1.jpg 625w, https:\/\/mlqjcop6al4y.i.optimole.com\/cb:TyhK~7a93\/w:300\/h:300\/q:mauto\/f:best\/ig:avif\/https:\/\/hospitalityjobsireland.ie\/wp-content\/uploads\/2021\/12\/website-buttons2-1.jpg 300w, https:\/\/mlqjcop6al4y.i.optimole.com\/cb:TyhK~7a93\/w:150\/h:1080\/q:mauto\/f:best\/ig:avif\/https:\/\/hospitalityjobsireland.ie\/wp-content\/uploads\/2021\/12\/website-buttons2-1.jpg 150w, https:\/\/mlqjcop6al4y.i.optimole.com\/cb:TyhK~7a93\/w:400\/h:1080\/q:mauto\/f:best\/ig:avif\/https:\/\/hospitalityjobsireland.ie\/wp-content\/uploads\/2021\/12\/website-buttons2-1.jpg 400w, https:\/\/mlqjcop6al4y.i.optimole.com\/cb:TyhK~7a93\/w:200\/h:1080\/q:mauto\/f:best\/ig:avif\/https:\/\/hospitalityjobsireland.ie\/wp-content\/uploads\/2021\/12\/website-buttons2-1.jpg 200w\" sizes=\"(max-width: 625px) 100vw, 625px\" \/>\t\t\t\t\t\t\t\t\t\t<\/div>\n\t\t\t\t\t\t\t\t\t\t\t\t\t\t\t\t\t\t<div class=\"elementskit-profile-info\">\n\t\t\t\t\t\t\t\t\t\t<strong class=\"elementskit-author-name\">Rosemond<\/strong>\n\t\t\t\t\t\t\t\t\t\t<span class=\"elementskit-author-des\">Grupul Plaza <\/span>\n\t\t\t\t\t\t\t\t\t<\/div>\n\t\t\t\t\t\t\t\t<\/div>\n\t\t\t\t\t\t\t<\/div>\n\t\t\t\t\t\t<\/div>\n\t\t\t\t\t<\/div>\n\t\t\t\t<\/div>\n\t\t\t\t\t\t\t<div class=\"swiper-slide\">\n\t\t\t\t\t<div class=\"swiper-slide-inner\">\n\t\t\t\t\t\t<div class=\"elementskit-single-testimonial-slider elementskit-testimonial-slider-block-style elementskit-testimonial-slider-block-style-two   elementor-repeater-item-c6f3297\" >\n\t\t\t\t\t\t\t<div class=\"elementskit-commentor-header\">\n\t\t\t\t\t\t\t\t\n\t\t\t\t\t\t\t\t\t\t\t\t\t\t\t\t<div class=\"elementskit-icon-content elementskit-watermark-icon \">\n\t\t\t\t\t\t\t\t\t<i aria-hidden=\"true\" class=\"icon icon-quote\"><\/i>\t\t\t\t\t\t\t\t<\/div>\n\t\t\t\t\t\t\t\t\t\t\t\t\t\t\t<\/div>\n\t\t\t\t\t\t\t\n\t\t\t\t\t\t\t\t\t\t\t\t\t\t\t<div class=\"elementskit-commentor-content\"><p>Ei bine, m\u0103 numesc Lenin, sunt dintr-o familie ecuatorian\u0103 stabilit\u0103 \u00een Gran Canaria, Insulele Canare, Spania \u0219i am auzit c\u0103 Supermacs angajeaz\u0103 angaja\u021bi din Spania pentru a-i muta \u00een Irlanda \u0219i m-am g\u00e2ndit c\u0103 a\u0219 putea fi o oportunitate bun\u0103 s\u0103 am venit \u00een Irlanda, \u0219i am presupus c\u0103 Supermacs a f\u0103cut procesul de a \u00eencepe un nou capitol din via\u021ba mea foarte u\u0219or, de la a fi atent la toate solicit\u0103rile mele, p\u00e2n\u0103 la sprijin \u00een cazare, din acest motiv sunt foarte mul\u021bumit.<\/p><\/div>\n\t\t\t\t\t\t\t\n\t\t\t\t\t\t\t<div class=\"elementskit-commentor-bio\">\n\t\t\t\t\t\t\t\t<div class=\"elementkit-commentor-details \">\n\t\t\t\t\t\t\t\t\t\t\t\t\t\t\t\t\t\t\t<div class=\"elementskit-commentor-image ekit-testimonial--avatar\">\n\t\t\t\t\t\t\t\t\t\t\t<img data-opt-id=897294244  fetchpriority=\"high\" decoding=\"async\" width=\"70\" height=\"70\" src=\"https:\/\/mlqjcop6al4y.i.optimole.com\/cb:TyhK~7a93\/w:625\/h:625\/q:mauto\/f:best\/ig:avif\/https:\/\/hospitalityjobsireland.ie\/wp-content\/uploads\/2021\/12\/website-buttons2-1.jpg\" class=\"attachment-full size-full\" alt=\"the plaza group\" srcset=\"https:\/\/mlqjcop6al4y.i.optimole.com\/cb:TyhK~7a93\/w:625\/h:625\/q:mauto\/f:best\/ig:avif\/https:\/\/hospitalityjobsireland.ie\/wp-content\/uploads\/2021\/12\/website-buttons2-1.jpg 625w, https:\/\/mlqjcop6al4y.i.optimole.com\/cb:TyhK~7a93\/w:300\/h:300\/q:mauto\/f:best\/ig:avif\/https:\/\/hospitalityjobsireland.ie\/wp-content\/uploads\/2021\/12\/website-buttons2-1.jpg 300w, https:\/\/mlqjcop6al4y.i.optimole.com\/cb:TyhK~7a93\/w:150\/h:1080\/q:mauto\/f:best\/ig:avif\/https:\/\/hospitalityjobsireland.ie\/wp-content\/uploads\/2021\/12\/website-buttons2-1.jpg 150w, https:\/\/mlqjcop6al4y.i.optimole.com\/cb:TyhK~7a93\/w:400\/h:1080\/q:mauto\/f:best\/ig:avif\/https:\/\/hospitalityjobsireland.ie\/wp-content\/uploads\/2021\/12\/website-buttons2-1.jpg 400w, https:\/\/mlqjcop6al4y.i.optimole.com\/cb:TyhK~7a93\/w:200\/h:1080\/q:mauto\/f:best\/ig:avif\/https:\/\/hospitalityjobsireland.ie\/wp-content\/uploads\/2021\/12\/website-buttons2-1.jpg 200w\" sizes=\"(max-width: 625px) 100vw, 625px\" \/>\t\t\t\t\t\t\t\t\t\t<\/div>\n\t\t\t\t\t\t\t\t\t\t\t\t\t\t\t\t\t\t<div class=\"elementskit-profile-info\">\n\t\t\t\t\t\t\t\t\t\t<strong class=\"elementskit-author-name\">Lenin<\/strong>\n\t\t\t\t\t\t\t\t\t\t<span class=\"elementskit-author-des\">Grupul Plaza<\/span>\n\t\t\t\t\t\t\t\t\t<\/div>\n\t\t\t\t\t\t\t\t<\/div>\n\t\t\t\t\t\t\t<\/div>\n\t\t\t\t\t\t<\/div>\n\t\t\t\t\t<\/div>\n\t\t\t\t<\/div>\n\t\t\t\t\t\t\t<div class=\"swiper-slide\">\n\t\t\t\t\t<div class=\"swiper-slide-inner\">\n\t\t\t\t\t\t<div class=\"elementskit-single-testimonial-slider elementskit-testimonial-slider-block-style elementskit-testimonial-slider-block-style-two   elementor-repeater-item-f1d80f7\" >\n\t\t\t\t\t\t\t<div class=\"elementskit-commentor-header\">\n\t\t\t\t\t\t\t\t\n\t\t\t\t\t\t\t\t\t\t\t\t\t\t\t\t<div class=\"elementskit-icon-content elementskit-watermark-icon \">\n\t\t\t\t\t\t\t\t\t<i aria-hidden=\"true\" class=\"icon icon-quote\"><\/i>\t\t\t\t\t\t\t\t<\/div>\n\t\t\t\t\t\t\t\t\t\t\t\t\t\t\t<\/div>\n\t\t\t\t\t\t\t\n\t\t\t\t\t\t\t\t\t\t\t\t\t\t\t<div class=\"elementskit-commentor-content\"><p>Supermacs ne-a oferit o oportunitate excelent\u0103 de angajare c\u00e2nd am aterizat prima dat\u0103 \u00een Irlanda. Politica sa de a oferi cazare instantanee angaja\u021bilor ne ofer\u0103 mult confort \u0219i lini\u0219te sufleteasc\u0103.<\/p><\/div>\n\t\t\t\t\t\t\t\n\t\t\t\t\t\t\t<div class=\"elementskit-commentor-bio\">\n\t\t\t\t\t\t\t\t<div class=\"elementkit-commentor-details \">\n\t\t\t\t\t\t\t\t\t\t\t\t\t\t\t\t\t\t\t<div class=\"elementskit-commentor-image ekit-testimonial--avatar\">\n\t\t\t\t\t\t\t\t\t\t\t<img data-opt-id=1784207052  fetchpriority=\"high\" decoding=\"async\" width=\"70\" height=\"70\" src=\"https:\/\/mlqjcop6al4y.i.optimole.com\/cb:TyhK~7a93\/w:625\/h:625\/q:mauto\/f:best\/ig:avif\/https:\/\/hospitalityjobsireland.ie\/wp-content\/uploads\/2021\/12\/website-buttons3-1.jpg\" class=\"attachment-full size-full\" alt=\"supermac&#039;s\" srcset=\"https:\/\/mlqjcop6al4y.i.optimole.com\/cb:TyhK~7a93\/w:625\/h:625\/q:mauto\/f:best\/ig:avif\/https:\/\/hospitalityjobsireland.ie\/wp-content\/uploads\/2021\/12\/website-buttons3-1.jpg 625w, https:\/\/mlqjcop6al4y.i.optimole.com\/cb:TyhK~7a93\/w:300\/h:300\/q:mauto\/f:best\/ig:avif\/https:\/\/hospitalityjobsireland.ie\/wp-content\/uploads\/2021\/12\/website-buttons3-1.jpg 300w, https:\/\/mlqjcop6al4y.i.optimole.com\/cb:TyhK~7a93\/w:150\/h:1080\/q:mauto\/f:best\/ig:avif\/https:\/\/hospitalityjobsireland.ie\/wp-content\/uploads\/2021\/12\/website-buttons3-1.jpg 150w, https:\/\/mlqjcop6al4y.i.optimole.com\/cb:TyhK~7a93\/w:400\/h:1080\/q:mauto\/f:best\/ig:avif\/https:\/\/hospitalityjobsireland.ie\/wp-content\/uploads\/2021\/12\/website-buttons3-1.jpg 400w, https:\/\/mlqjcop6al4y.i.optimole.com\/cb:TyhK~7a93\/w:200\/h:1080\/q:mauto\/f:best\/ig:avif\/https:\/\/hospitalityjobsireland.ie\/wp-content\/uploads\/2021\/12\/website-buttons3-1.jpg 200w\" sizes=\"(max-width: 625px) 100vw, 625px\" \/>\t\t\t\t\t\t\t\t\t\t<\/div>\n\t\t\t\t\t\t\t\t\t\t\t\t\t\t\t\t\t\t<div class=\"elementskit-profile-info\">\n\t\t\t\t\t\t\t\t\t\t<strong class=\"elementskit-author-name\">Justino<\/strong>\n\t\t\t\t\t\t\t\t\t\t<span class=\"elementskit-author-des\">Supermacs<\/span>\n\t\t\t\t\t\t\t\t\t<\/div>\n\t\t\t\t\t\t\t\t<\/div>\n\t\t\t\t\t\t\t<\/div>\n\t\t\t\t\t\t<\/div>\n\t\t\t\t\t<\/div>\n\t\t\t\t<\/div>\n\t\t\t\t\t\t\t<div class=\"swiper-slide\">\n\t\t\t\t\t<div class=\"swiper-slide-inner\">\n\t\t\t\t\t\t<div class=\"elementskit-single-testimonial-slider elementskit-testimonial-slider-block-style elementskit-testimonial-slider-block-style-two   elementor-repeater-item-c4feef7\" >\n\t\t\t\t\t\t\t<div class=\"elementskit-commentor-header\">\n\t\t\t\t\t\t\t\t\n\t\t\t\t\t\t\t\t\t\t\t\t\t\t\t\t<div class=\"elementskit-icon-content elementskit-watermark-icon \">\n\t\t\t\t\t\t\t\t\t<i aria-hidden=\"true\" class=\"icon icon-quote\"><\/i>\t\t\t\t\t\t\t\t<\/div>\n\t\t\t\t\t\t\t\t\t\t\t\t\t\t\t<\/div>\n\t\t\t\t\t\t\t\n\t\t\t\t\t\t\t\t\t\t\t\t\t\t\t<div class=\"elementskit-commentor-content\"><p>Experien\u021ba mea \u00een Supermacs este minunat\u0103. Personalul pe care l-am gasit in aceasta companie, pe langa faptul ca sunt mari profesionisti, sunt si oameni foarte buni. Lucrarea este foarte dinamic\u0103 \u0219i simpl\u0103, a\u0219a c\u0103 nu este necesar s\u0103 ave\u021bi un nivel ridicat de englez\u0103. Cred c\u0103 aceasta este o oportunitate perfect\u0103 de a-\u021bi \u00eembun\u0103t\u0103\u021bi limba englez\u0103 \u0219i po\u021bi chiar s\u0103 te g\u00e2nde\u0219ti s\u0103 stai aici permanent, deoarece este o companie care are grij\u0103 de tine pentru ca tu s\u0103 r\u0103m\u00e2i.<\/p><\/div>\n\t\t\t\t\t\t\t\n\t\t\t\t\t\t\t<div class=\"elementskit-commentor-bio\">\n\t\t\t\t\t\t\t\t<div class=\"elementkit-commentor-details \">\n\t\t\t\t\t\t\t\t\t\t\t\t\t\t\t\t\t\t\t<div class=\"elementskit-commentor-image ekit-testimonial--avatar\">\n\t\t\t\t\t\t\t\t\t\t\t<img data-opt-id=1784207052  fetchpriority=\"high\" decoding=\"async\" width=\"70\" height=\"70\" src=\"https:\/\/mlqjcop6al4y.i.optimole.com\/cb:TyhK~7a93\/w:625\/h:625\/q:mauto\/f:best\/ig:avif\/https:\/\/hospitalityjobsireland.ie\/wp-content\/uploads\/2021\/12\/website-buttons3-1.jpg\" class=\"attachment-full size-full\" alt=\"supermac&#039;s\" srcset=\"https:\/\/mlqjcop6al4y.i.optimole.com\/cb:TyhK~7a93\/w:625\/h:625\/q:mauto\/f:best\/ig:avif\/https:\/\/hospitalityjobsireland.ie\/wp-content\/uploads\/2021\/12\/website-buttons3-1.jpg 625w, https:\/\/mlqjcop6al4y.i.optimole.com\/cb:TyhK~7a93\/w:300\/h:300\/q:mauto\/f:best\/ig:avif\/https:\/\/hospitalityjobsireland.ie\/wp-content\/uploads\/2021\/12\/website-buttons3-1.jpg 300w, https:\/\/mlqjcop6al4y.i.optimole.com\/cb:TyhK~7a93\/w:150\/h:1080\/q:mauto\/f:best\/ig:avif\/https:\/\/hospitalityjobsireland.ie\/wp-content\/uploads\/2021\/12\/website-buttons3-1.jpg 150w, https:\/\/mlqjcop6al4y.i.optimole.com\/cb:TyhK~7a93\/w:400\/h:1080\/q:mauto\/f:best\/ig:avif\/https:\/\/hospitalityjobsireland.ie\/wp-content\/uploads\/2021\/12\/website-buttons3-1.jpg 400w, https:\/\/mlqjcop6al4y.i.optimole.com\/cb:TyhK~7a93\/w:200\/h:1080\/q:mauto\/f:best\/ig:avif\/https:\/\/hospitalityjobsireland.ie\/wp-content\/uploads\/2021\/12\/website-buttons3-1.jpg 200w\" sizes=\"(max-width: 625px) 100vw, 625px\" \/>\t\t\t\t\t\t\t\t\t\t<\/div>\n\t\t\t\t\t\t\t\t\t\t\t\t\t\t\t\t\t\t<div class=\"elementskit-profile-info\">\n\t\t\t\t\t\t\t\t\t\t<strong class=\"elementskit-author-name\">Javier<\/strong>\n\t\t\t\t\t\t\t\t\t\t<span class=\"elementskit-author-des\">Supermacs<\/span>\n\t\t\t\t\t\t\t\t\t<\/div>\n\t\t\t\t\t\t\t\t<\/div>\n\t\t\t\t\t\t\t<\/div>\n\t\t\t\t\t\t<\/div>\n\t\t\t\t\t<\/div>\n\t\t\t\t<\/div>\n\t\t\t\t\t<\/div>\n\n\t\t\n\t\t\t\t\t<div class=\"swiper-navigation-button swiper-button-prev\">\n\t\t\t\t<i aria-hidden=\"true\" class=\"icon icon-left-arrow2\"><\/i>\t\t\t<\/div>\n\t\t\t<div class=\"swiper-navigation-button swiper-button-next\">\n\t\t\t\t<i aria-hidden=\"true\" class=\"icon icon-right-arrow2\"><\/i>\t\t\t<\/div>\n\t\t\t<\/div>\n<\/div><\/div>\t\t\t\t<\/div>\n\t\t\t\t<\/div>\n\t\t\t\t\t<\/div>\n\t\t<\/div>\n\t\t\t\t\t<\/div>\n\t\t<\/section>\n\t\t\t\t\t<\/div>\n\t\t<\/div>\n\t\t\t\t\t<\/div>\n\t\t<\/section>\n\t\t\t\t<\/div>\n\t\t","protected":false},"excerpt":{"rendered":"<p>M\u0103rturii Am tot sprijinul companiei pentru a m\u0103 muta \u00een Irlanda. Mi-ai fost (\u0219i \u00eenc\u0103) de mare ajutor \u0219i mereu al\u0103turi de mine dac\u0103 am avut \u00eentreb\u0103ri sau nel\u0103muriri. \u00cen general, m\u0103 simt un membru foarte apreciat \u0219i apreciat al familiei Supermac \u0219i recomand cu c\u0103ldur\u0103 tuturor celor care doresc s\u0103 lucreze \u00eentr-un mediu minunat [&hellip;]<\/p>\n","protected":false},"author":214986739,"featured_media":0,"parent":0,"menu_order":0,"comment_status":"closed","ping_status":"closed","template":"elementor_header_footer","meta":{"_crdt_document":"","om_disable_all_campaigns":false,"_monsterinsights_skip_tracking":false,"_monsterinsights_sitenote_active":false,"_monsterinsights_sitenote_note":"","_monsterinsights_sitenote_category":0,"jetpack_post_was_ever_published":false,"_joinchat":[],"footnotes":""},"class_list":["post-2170","page","type-page","status-publish","hentry"],"aioseo_notices":[],"jetpack_likes_enabled":true,"jetpack_sharing_enabled":true,"jetpack_shortlink":"https:\/\/wp.me\/PdAzH5-z0","_links":{"self":[{"href":"https:\/\/hospitalityjobsireland.ie\/ro\/wp-json\/wp\/v2\/pages\/2170","targetHints":{"allow":["GET"]}}],"collection":[{"href":"https:\/\/hospitalityjobsireland.ie\/ro\/wp-json\/wp\/v2\/pages"}],"about":[{"href":"https:\/\/hospitalityjobsireland.ie\/ro\/wp-json\/wp\/v2\/types\/page"}],"author":[{"embeddable":true,"href":"https:\/\/hospitalityjobsireland.ie\/ro\/wp-json\/wp\/v2\/users\/214986739"}],"replies":[{"embeddable":true,"href":"https:\/\/hospitalityjobsireland.ie\/ro\/wp-json\/wp\/v2\/comments?post=2170"}],"version-history":[{"count":3,"href":"https:\/\/hospitalityjobsireland.ie\/ro\/wp-json\/wp\/v2\/pages\/2170\/revisions"}],"predecessor-version":[{"id":2351,"href":"https:\/\/hospitalityjobsireland.ie\/ro\/wp-json\/wp\/v2\/pages\/2170\/revisions\/2351"}],"wp:attachment":[{"href":"https:\/\/hospitalityjobsireland.ie\/ro\/wp-json\/wp\/v2\/media?parent=2170"}],"curies":[{"name":"wp","href":"https:\/\/api.w.org\/{rel}","templated":true}]}}