{"id":2149,"date":"2021-12-23T10:17:41","date_gmt":"2021-12-23T10:17:41","guid":{"rendered":"https:\/\/hospitalityjobsireland.ie\/allasok\/"},"modified":"2022-12-08T10:15:40","modified_gmt":"2022-12-08T10:15:40","slug":"allasok","status":"publish","type":"page","link":"https:\/\/hospitalityjobsireland.ie\/hu\/allasok\/","title":{"rendered":"\u00c1ll\u00e1sok"},"content":{"rendered":"\t\t<div data-elementor-type=\"wp-page\" data-elementor-id=\"2149\" class=\"elementor elementor-2149 elementor-141\">\n\t\t\t\t\t\t<section class=\"elementor-section elementor-top-section elementor-element elementor-element-2e64e15a elementor-section-boxed elementor-section-height-default elementor-section-height-default\" data-id=\"2e64e15a\" data-element_type=\"section\" data-e-type=\"section\">\n\t\t\t\t\t\t<div class=\"elementor-container elementor-column-gap-default\">\n\t\t\t\t\t<div class=\"elementor-column elementor-col-100 elementor-top-column elementor-element elementor-element-90c371d\" data-id=\"90c371d\" data-element_type=\"column\" data-e-type=\"column\">\n\t\t\t<div class=\"elementor-widget-wrap elementor-element-populated\">\n\t\t\t\t\t\t<section class=\"elementor-section elementor-inner-section elementor-element elementor-element-72304000 elementor-section-boxed elementor-section-height-default elementor-section-height-default\" data-id=\"72304000\" data-element_type=\"section\" data-e-type=\"section\">\n\t\t\t\t\t\t<div class=\"elementor-container elementor-column-gap-default\">\n\t\t\t\t\t<div class=\"elementor-column elementor-col-50 elementor-inner-column elementor-element elementor-element-19815f73\" data-id=\"19815f73\" data-element_type=\"column\" data-e-type=\"column\">\n\t\t\t<div class=\"elementor-widget-wrap elementor-element-populated\">\n\t\t\t\t\t\t<div class=\"elementor-element elementor-element-61f25196 elementor-widget elementor-widget-elementskit-heading\" data-id=\"61f25196\" data-element_type=\"widget\" data-e-type=\"widget\" data-widget_type=\"elementskit-heading.default\">\n\t\t\t\t<div class=\"elementor-widget-container\">\n\t\t\t\t\t<div class=\"ekit-wid-con\" ><div class=\"ekit-heading elementskit-section-title-wraper text_left   ekit_heading_tablet-   ekit_heading_mobile-text_center\"><h1 class=\"ekit-heading--title elementskit-section-title \">\u00c1ll\u00e1sok<\/h1><\/div><\/div>\t\t\t\t<\/div>\n\t\t\t\t<\/div>\n\t\t\t\t<div class=\"elementor-element elementor-element-5449048 elementor-widget elementor-widget-text-editor\" data-id=\"5449048\" data-element_type=\"widget\" data-e-type=\"widget\" data-widget_type=\"text-editor.default\">\n\t\t\t\t<div class=\"elementor-widget-container\">\n\t\t\t\t\t\t\t\t\t<p>Fejlessze karrierj\u00e9t a vend\u00e9gl\u00e1t\u00e1s ter\u00fclet\u00e9n \u00cdrorsz\u00e1g egyik legismertebb c\u00e9g\u00e9n\u00e9l, a Supermac&#8217;s-n\u00e1l. A Supermac&#8217;s, a S\u00f3 Hotels \u00e9s a The Plaza Group minden szinten van \u00e1ll\u00e1sa az EU Hospitality Staff sz\u00e1m\u00e1ra. Ez a csal\u00e1di tulajdonban l\u00e9v\u0151 csoport \u00e9ttereml\u00e1ncot, sz\u00e1mos luxussz\u00e1llod\u00e1t \u00e9s aut\u00f3p\u00e1lya-t\u00f6lt\u0151\u00e1llom\u00e1s-h\u00e1l\u00f3zatot foglal mag\u00e1ban.<\/p>\n\t\t\t\t\t\t\t\t<\/div>\n\t\t\t\t<\/div>\n\t\t\t\t<div class=\"elementor-element elementor-element-aa085f6 elementor-widget elementor-widget-text-editor\" data-id=\"aa085f6\" data-element_type=\"widget\" data-e-type=\"widget\" data-widget_type=\"text-editor.default\">\n\t\t\t\t<div class=\"elementor-widget-container\">\n\t\t\t\t\t\t\t\t\t<p>Szeretn\u00e9nk, ha \u00cdrorsz\u00e1gba \u00e9rkez\u00e9se sikeres lenne, ez\u00e9rt az EU Relocation Team t\u00e1mogatni fogja \u00d6nt a k\u00f6lt\u00f6z\u00e9sben \u00e9s a sz\u00e1ll\u00e1sban, \u00e9s \u00d6n \u00faj karrierj\u00e9re koncentr\u00e1lhat n\u00e1lunk.<\/p>\n\t\t\t\t\t\t\t\t<\/div>\n\t\t\t\t<\/div>\n\t\t\t\t\t<\/div>\n\t\t<\/div>\n\t\t\t\t<div class=\"elementor-column elementor-col-50 elementor-inner-column elementor-element elementor-element-bd42304 elementor-hidden-mobile\" data-id=\"bd42304\" data-element_type=\"column\" data-e-type=\"column\">\n\t\t\t<div class=\"elementor-widget-wrap elementor-element-populated\">\n\t\t\t\t\t\t<div class=\"elementor-element elementor-element-2014115 elementor-widget elementor-widget-video\" data-id=\"2014115\" data-element_type=\"widget\" data-e-type=\"widget\" data-settings=\"{&quot;youtube_url&quot;:&quot;https:\\\/\\\/www.youtube.com\\\/watch?v=wL-pF-Nl8gM&quot;,&quot;show_image_overlay&quot;:&quot;yes&quot;,&quot;image_overlay&quot;:{&quot;url&quot;:&quot;https:\\/\\/mlqjcop6al4y.i.optimole.com\\/cb:TyhK~7a93\\/w:auto\\/h:auto\\/q:mauto\\/https:\\/\\/hospitalityjobsireland.ie\\/wp-content\\/uploads\\/2022\\/12\\/supermacsthumb.webp&quot;,&quot;id&quot;:3356,&quot;size&quot;:&quot;&quot;,&quot;alt&quot;:&quot;&quot;,&quot;source&quot;:&quot;library&quot;},&quot;video_type&quot;:&quot;youtube&quot;,&quot;controls&quot;:&quot;yes&quot;}\" data-widget_type=\"video.default\">\n\t\t\t\t<div class=\"elementor-widget-container\">\n\t\t\t\t\t\t\t<div class=\"elementor-wrapper elementor-open-inline\">\n\t\t\t<div class=\"elementor-video\"><\/div>\t\t\t\t<div class=\"elementor-custom-embed-image-overlay\" style=\"background-image: url(https:\/\/mlqjcop6al4y.i.optimole.com\/cb:TyhK~7a93\/w:1280\/h:720\/q:mauto\/f:best\/ig:avif\/https:\/\/hospitalityjobsireland.ie\/wp-content\/uploads\/2022\/12\/supermacsthumb.webp);\">\n\t\t\t\t\t\t\t\t\t\t\t\t\t\t\t\t<div class=\"elementor-custom-embed-play\" role=\"button\" aria-label=\"Vide\u00f3 lej\u00e1tsz\u00e1sa\" tabindex=\"0\">\n\t\t\t\t\t\t\t<i aria-hidden=\"true\" class=\"eicon-play\"><\/i>\t\t\t\t\t\t<\/div>\n\t\t\t\t\t\t\t\t\t<\/div>\n\t\t\t\t\t<\/div>\n\t\t\t\t\t\t<\/div>\n\t\t\t\t<\/div>\n\t\t\t\t\t<\/div>\n\t\t<\/div>\n\t\t\t\t\t<\/div>\n\t\t<\/section>\n\t\t\t\t\t<\/div>\n\t\t<\/div>\n\t\t\t\t\t<\/div>\n\t\t<\/section>\n\t\t\t\t<section class=\"elementor-section elementor-top-section elementor-element elementor-element-4ec0ec48 elementor-section-boxed elementor-section-height-default elementor-section-height-default\" data-id=\"4ec0ec48\" data-element_type=\"section\" data-e-type=\"section\" data-settings=\"{&quot;background_background&quot;:&quot;classic&quot;}\">\n\t\t\t\t\t\t<div class=\"elementor-container elementor-column-gap-default\">\n\t\t\t\t\t<div class=\"elementor-column elementor-col-100 elementor-top-column elementor-element elementor-element-4aaf4806\" data-id=\"4aaf4806\" data-element_type=\"column\" data-e-type=\"column\">\n\t\t\t<div class=\"elementor-widget-wrap elementor-element-populated\">\n\t\t\t\t\t\t<div class=\"elementor-element elementor-element-686a31e8 elementor-widget elementor-widget-elementskit-heading\" data-id=\"686a31e8\" data-element_type=\"widget\" data-e-type=\"widget\" data-widget_type=\"elementskit-heading.default\">\n\t\t\t\t<div class=\"elementor-widget-container\">\n\t\t\t\t\t<div class=\"ekit-wid-con\" ><div class=\"ekit-heading elementskit-section-title-wraper text_center   ekit_heading_tablet-   ekit_heading_mobile-text_center\"><h2 class=\"ekit-heading--title elementskit-section-title \">Itt kezd\u0151dik a karrierje<\/h2><\/div><\/div>\t\t\t\t<\/div>\n\t\t\t\t<\/div>\n\t\t\t\t<div class=\"elementor-element elementor-element-23690472 elementor-widget elementor-widget-shortcode\" data-id=\"23690472\" data-element_type=\"widget\" data-e-type=\"widget\" data-widget_type=\"shortcode.default\">\n\t\t\t\t<div class=\"elementor-widget-container\">\n\t\t\t\t\t\t\t<div class=\"elementor-shortcode\"><div class=\"job_listings\" data-location=\"\" data-keywords=\"\" data-show_filters=\"true\" data-show_pagination=\"false\" data-per_page=\"40\" data-orderby=\"featured\" data-order=\"DESC\" data-categories=\"\" data-disable-form-state-storage=\"\" data-featured_first=\"false\" data-post_id=\"2149\" >\n<form class=\"job_filters\">\n\t\n\t<div class=\"search_jobs\">\n\t\t\n\t\t<div class=\"search_keywords\">\n\t\t\t<label for=\"search_keywords\">Kulcsszavak<\/label>\n\t\t\t<input type=\"text\" name=\"search_keywords\" id=\"search_keywords\" placeholder=\"Kulcsszavak\" value=\"\" \/>\n\t\t<\/div>\n\n\t\t<div class=\"search_location\">\n\t\t\t<label for=\"search_location\">Hely<\/label>\n\t\t\t<input type=\"text\" name=\"search_location\" id=\"search_location\" placeholder=\"Hely\" value=\"\" \/>\n\t\t<\/div>\n\n\t\t\t\t\t<div class=\"search_remote_position\">\n\t\t\t\t<input type=\"checkbox\" class=\"input-checkbox\" name=\"remote_position\" id=\"remote_position\" placeholder=\"Hely\" value=\"1\"  \/>\n\t\t\t\t<label for=\"remote_position\" id=\"remote_position_label\">Remote positions only<\/label>\n\t\t\t<\/div>\n\t\t\n\t\t<div style=\"clear: both\"><\/div>\n\n\t\t\n\t\t\t\t\t<div class=\"search_submit\">\n\t\t\t\t<input type=\"submit\" value=\"Search Jobs\">\n\t\t\t<\/div>\n\t\t\n\t\t\t<\/div>\n\n\t\t<ul class=\"job_types\">\n\t\t\t<\/ul>\n\t<input type=\"hidden\" name=\"filter_job_type[]\" value=\"\" \/>\n<div class=\"showing_jobs\"><\/div><\/form>\n\n\n<noscript>Az \u00f6n b\u00f6ng\u00e9sz\u0151je nem t\u00e1mogatja a JavaScript-et, vagy le van tiltve. Enged\u00e9lyezze a JavaScriptek futtat\u00e1s\u00e1t az eredm\u00e9nyek megtekint\u00e9s\u00e9hez!<\/noscript>\n<ul class=\"job_listings\">\n<\/ul>\n<a class=\"load_more_jobs\" href=\"#\" style=\"display:none;\"><strong>T\u00f6bb hirdet\u00e9s bet\u00f6lt\u00e9se<\/strong><\/a><\/div><\/div>\n\t\t\t\t\t\t<\/div>\n\t\t\t\t<\/div>\n\t\t\t\t\t<\/div>\n\t\t<\/div>\n\t\t\t\t\t<\/div>\n\t\t<\/section>\n\t\t\t\t<\/div>\n\t\t","protected":false},"excerpt":{"rendered":"<p>\u00c1ll\u00e1sok Fejlessze karrierj\u00e9t a vend\u00e9gl\u00e1t\u00e1s ter\u00fclet\u00e9n \u00cdrorsz\u00e1g egyik legismertebb c\u00e9g\u00e9n\u00e9l, a Supermac&#8217;s-n\u00e1l. A Supermac&#8217;s, a S\u00f3 Hotels \u00e9s a The Plaza Group minden szinten van \u00e1ll\u00e1sa az EU Hospitality Staff sz\u00e1m\u00e1ra. Ez a csal\u00e1di tulajdonban l\u00e9v\u0151 csoport \u00e9ttereml\u00e1ncot, sz\u00e1mos luxussz\u00e1llod\u00e1t \u00e9s aut\u00f3p\u00e1lya-t\u00f6lt\u0151\u00e1llom\u00e1s-h\u00e1l\u00f3zatot foglal mag\u00e1ban. Szeretn\u00e9nk, ha \u00cdrorsz\u00e1gba \u00e9rkez\u00e9se sikeres lenne, ez\u00e9rt az EU Relocation Team [&hellip;]<\/p>\n","protected":false},"author":1,"featured_media":0,"parent":0,"menu_order":0,"comment_status":"closed","ping_status":"closed","template":"elementor_header_footer","meta":{"_crdt_document":"","om_disable_all_campaigns":false,"_monsterinsights_skip_tracking":false,"_monsterinsights_sitenote_active":false,"_monsterinsights_sitenote_note":"","_monsterinsights_sitenote_category":0,"jetpack_post_was_ever_published":false,"_joinchat":[],"footnotes":""},"class_list":["post-2149","page","type-page","status-publish","hentry"],"aioseo_notices":[],"jetpack_likes_enabled":true,"jetpack_sharing_enabled":true,"jetpack_shortlink":"https:\/\/wp.me\/PdAzH5-yF","_links":{"self":[{"href":"https:\/\/hospitalityjobsireland.ie\/hu\/wp-json\/wp\/v2\/pages\/2149","targetHints":{"allow":["GET"]}}],"collection":[{"href":"https:\/\/hospitalityjobsireland.ie\/hu\/wp-json\/wp\/v2\/pages"}],"about":[{"href":"https:\/\/hospitalityjobsireland.ie\/hu\/wp-json\/wp\/v2\/types\/page"}],"author":[{"embeddable":true,"href":"https:\/\/hospitalityjobsireland.ie\/hu\/wp-json\/wp\/v2\/users\/1"}],"replies":[{"embeddable":true,"href":"https:\/\/hospitalityjobsireland.ie\/hu\/wp-json\/wp\/v2\/comments?post=2149"}],"version-history":[{"count":3,"href":"https:\/\/hospitalityjobsireland.ie\/hu\/wp-json\/wp\/v2\/pages\/2149\/revisions"}],"predecessor-version":[{"id":3397,"href":"https:\/\/hospitalityjobsireland.ie\/hu\/wp-json\/wp\/v2\/pages\/2149\/revisions\/3397"}],"wp:attachment":[{"href":"https:\/\/hospitalityjobsireland.ie\/hu\/wp-json\/wp\/v2\/media?parent=2149"}],"curies":[{"name":"wp","href":"https:\/\/api.w.org\/{rel}","templated":true}]}}